{"id":1541,"date":"2025-03-04T07:00:55","date_gmt":"2025-03-04T06:00:55","guid":{"rendered":"https:\/\/www.p-tech.si\/prostori-za-najem\/"},"modified":"2025-06-17T14:29:30","modified_gmt":"2025-06-17T13:29:30","slug":"premises-for-lease","status":"publish","type":"page","link":"https:\/\/www.p-tech.si\/en\/premises-for-lease\/","title":{"rendered":"Premises for Lease"},"content":{"rendered":"<h1>Premises for Lease<br \/>\n<\/h1>\n<h5>Looking for the ideal business premises for lease?<\/h5>\n<h3>Pomurje Technology Park offers a wide range of office and production spaces, tailored to the needs of modern entrepreneurship.<\/h3>\n<p>An inspiring work environment. Become part of a community of like-minded individuals driven by entrepreneurship and creativity.<a href=\"#available-premises\" title=\"Explore our available premises\">Explore our available premises<\/a><\/p>\n<h2>Why Chooose Us?<\/h2>\n<p>Explore premises tailored to your business needs. Our team is here to guide you in selecting the ideal space for your operations.<\/p>\n<h5>Key Contacts<\/h5>\n<p><a href=\"mailto:igor@p-tech.si\" title=\"Contact us\"><img decoding=\"async\" src=\"https:\/\/www.p-tech.si\/wp-content\/uploads\/pomurski-tehnoloski-park-igor-bw.jpg\" alt=\"Pomurski tehnolo\u0161ki park - Igor\" title=\"\"><\/p>\n<h4>Igor<\/h4>\n<p>E: <a href=\"mailto:igor@p-tech.si\">igor@p-tech.si<\/a><br \/>\nP: +386 2 530 82 00<\/a><a href=\"mailto:noreply@envato.com\" title=\"Contact us\"><img decoding=\"async\" src=\"https:\/\/www.p-tech.si\/wp-content\/uploads\/pomurski-tehnoloski-park-tjasa.jpg\" alt=\"Pomurski tehnolo\u0161ki park - Tja\u0161a Ru\u017ei\u010d\" title=\"\"><\/p>\n<h4>Tja\u0161a<\/h4>\n<p><a href=\"mailto:tjasa@p-tech.si\">tjasa@p-tech.si<\/a><br \/>\nP: +386 2 530 82 00<\/a>&nbsp;<\/p>\n<h5>Smaller units offering cost-effective leasing options<\/h5>\n<h5>Flexible rental terms in terms of space and duration<\/h5>\n<h5>Easily accessible location<\/h5>\n<h5>Free parking available<\/h5>\n<h5>Shared use of kitchen and meeting room facilities<\/h5>\n<h5>Fast access to professional advisory services<\/h5>\n<h4>Facility Features:<\/h4>\n<p>24\/7 access, 365 days a yearFiber-optic internetSecured premisesOffice furniture Air conditioningFree parking spaceMailbox<\/p>\n<p><img decoding=\"async\" src=\"https:\/\/www.p-tech.si\/wp-content\/uploads\/pomurski-tehnoloski-park-konferencna-soba.jpg\" alt=\"Opremljenost prostorov, konferen\u010dna soba\" title=\"\"><br \/>\n<a href=\"#book-meeting-room\" title=\"Book Meeting Room\">Book Meeting Room<\/a><\/p>\n<h5>Successful companies growing with us:<\/h5>\n<h3>Premises for Lease<\/h3>\n<p>Hover over the green dots to check the availability of premises for lease.<\/p>\n<h4>Facility in Ljutomer<\/h4>\n<p><img decoding=\"async\" src=\"https:\/\/www.p-tech.si\/wp-content\/uploads\/pomurski-tehnoloski-park-prostori-za-najem-ljutomer-tloris.png#262\" alt=\"\" title=\"\"><img decoding=\"async\" src=\"https:\/\/www.p-tech.si\/wp-content\/uploads\/pomurski-tehnoloski-park-pisarna-ljutomer15.jpg\" alt=\"Pomurje Technology Park - office space Ljutomer\" title=\"\"><br \/>\nOffice P1<\/p>\n<h6>OCCUPIED<\/h6>\n<p><a href=\"https:\/\/www.p-tech.si\/?page_id=85\" title=\"Send inquiry\"><\/a><img decoding=\"async\" src=\"https:\/\/www.p-tech.si\/wp-content\/uploads\/pomurski-tehnoloski-park-pisarna-ljutomer15.jpg\" alt=\"Pomurje Technology Park - office space Ljutomer\" title=\"\"><br \/>\nOffice P2<\/p>\n<h6>FREE<\/h6>\n<p><a href=\"https:\/\/www.p-tech.si\/?page_id=85\" title=\"Send inquiry\"><\/a><img decoding=\"async\" src=\"https:\/\/www.p-tech.si\/wp-content\/uploads\/pomurski-tehnoloski-park-pisarna-ljutomer15.jpg\" alt=\"Pomurje Technology Park - office space Ljutomer\" title=\"\"><br \/>\nOffice  P3<\/p>\n<h6>FREE<\/h6>\n<p><img decoding=\"async\" src=\"https:\/\/www.p-tech.si\/wp-content\/uploads\/pomurski-tehnoloski-park-pisarna-ljutomer15.jpg\" alt=\"Pomurje Technology Park - office space Ljutomerr\" title=\"\"><br \/>\nOffice  P4<\/p>\n<h6>OCCUPIED<\/h6>\n<p><a href=\"https:\/\/www.p-tech.si\/?page_id=85\" title=\"Send inquiry\"><\/a><img decoding=\"async\" src=\"https:\/\/www.p-tech.si\/wp-content\/uploads\/pomurski-tehnoloski-park-pisarna-ljutomer19.jpg\" alt=\"Pomurje Technology Park - office space Ljutomer\" title=\"\"><br \/>\nOffice P5<\/p>\n<h6>FREE<\/h6>\n<p><img decoding=\"async\" src=\"https:\/\/www.p-tech.si\/wp-content\/uploads\/pomurski-tehnoloski-park-pisarna-ljutomer19.jpg\" alt=\"Pomurje Technology Park - office space Ljutomer\" title=\"\"><br \/>\nOffice P6<\/p>\n<h6>OCCUPIED<\/h6>\n<p><img decoding=\"async\" src=\"https:\/\/www.p-tech.si\/wp-content\/uploads\/pomurski-tehnoloski-park-pisarna-ljutomer19.jpg\" alt=\"Pomurje Technology Park - office space Ljutomer\" title=\"\"><br \/>\nOffice P6<\/p>\n<h6>OCCUPIED<\/h6>\n<p><a href=\"https:\/\/www.p-tech.si\/?page_id=85\" title=\"Send inquiry\"><\/a><img decoding=\"async\" src=\"https:\/\/www.p-tech.si\/wp-content\/uploads\/pomurski-tehnoloski-park-pisarna-ljutomer19.jpg\" alt=\"Pomurje Technology Park - office space Ljutomer\" title=\"\"><br \/>\nOffice P8<\/p>\n<h6>FREE<\/h6>\n<p><a href=\"https:\/\/www.p-tech.si\/?page_id=85\" title=\"Send inquiry\"><\/a><img decoding=\"async\" src=\"https:\/\/www.p-tech.si\/wp-content\/uploads\/pomurski-tehnoloski-park-pisarna-ljutomer-2.jpg\" alt=\"Pomurje Technology Park - office space Ljutomer\" title=\"\"><br \/>\nOffice P9<\/p>\n<h6>FREE<\/h6>\n<p><a href=\"https:\/\/www.p-tech.si\/?page_id=85\" title=\"Send inquiry\"><\/a><img decoding=\"async\" src=\"https:\/\/www.p-tech.si\/wp-content\/uploads\/pomurski-tehnoloski-park-pisarna-ljutomer-3.jpg\" alt=\"Pomurje Technology Park - office space Ljutomer\" title=\"\"><br \/>\nOffice P10<\/p>\n<h6>FREE<\/h6>\n<p><img decoding=\"async\" src=\"https:\/\/www.p-tech.si\/wp-content\/uploads\/pomurski-tehnoloski-park-pisarna-ljutomer-3.jpg\" alt=\"Pomurje Technology Park - office space Ljutomer\" title=\"\"><br \/>\nOffice P11<\/p>\n<h6>OCCUPIED<\/h6>\n<p><a href=\"https:\/\/www.p-tech.si\/?page_id=85\" title=\"Send inquiry\"><\/a><img decoding=\"async\" src=\"https:\/\/www.p-tech.si\/wp-content\/uploads\/pomurski-tehnoloski-park-pisarna-ljutomer-3.jpg\" alt=\"Pomurje Technology Park - office space Ljutomer\" title=\"\"><br \/>\nOffice P12<\/p>\n<h6>FREE<\/h6>\n<h5>How to reach us in Murska Sobota?<\/h5>\n<p><a href=\"https:\/\/maps.app.goo.gl\/LXmLBbDVUWsi6z4U8\" target=\"_blank\" title=\"How to reach us? By clicking on the map, a Google Maps view will open\" rel=\"noopener\"><img decoding=\"async\" src=\"https:\/\/www.p-tech.si\/wp-content\/uploads\/pomurski-tehnoloski-park-kje-smo-zgradba-murska-sobota.jpg\" alt=\"Location of the building in Murska Sobota on Google Maps\" title=\"\"><\/a><a href=\"https:\/\/maps.app.goo.gl\/LXmLBbDVUWsi6z4U8\" target=\"_blank\" title=\"How to reach us? By clicking on the map, a Google Maps view will open\" rel=\"noopener\">.path{fill:none;stroke:#333;stroke-miterlimit:10;stroke-width:1.5px;}<\/a>By clicking on the map, a Google Maps view will open<\/p>\n<h4>Facility in Murska Sobota<\/h4>\n<p><img decoding=\"async\" src=\"https:\/\/www.p-tech.si\/wp-content\/uploads\/pomurski-tehnoloski-park-prostori-za-najem-murska-sobota-tloris.png#264\" alt=\"\" title=\"\"><img decoding=\"async\" src=\"https:\/\/www.p-tech.si\/wp-content\/uploads\/pomurski-tehnoloski-park-proizvodni-prostor-murska-sobota-2.jpg\" alt=\"Pomurje Technology Park - production space\" title=\"\"><br \/>\nProduction space P1<\/p>\n<h6>OCCUPIED<\/h6>\n<p><img decoding=\"async\" src=\"https:\/\/www.p-tech.si\/wp-content\/uploads\/pomurski-tehnoloski-park-proizvodni-prostor-murska-sobota-2.jpg\" alt=\"Pomurje Technology Park - production space\" title=\"\"><br \/>\nProduction space P2<\/p>\n<h6>OCCUPIED<\/h6>\n<p><a href=\"https:\/\/www.p-tech.si\/?page_id=85\" title=\"Po\u0161lji povpra\u0161evanje\"><\/a><img decoding=\"async\" src=\"https:\/\/www.p-tech.si\/wp-content\/uploads\/pomurski-tehnoloski-park-proizvodni-prostor-murska-sobota-2.jpg\" alt=\"Pomurje Technology Park - production space\" title=\"\"><br \/>\nProduction space P3<\/p>\n<h6>FREE<\/h6>\n<p><img decoding=\"async\" src=\"https:\/\/www.p-tech.si\/wp-content\/uploads\/pomurski-tehnoloski-park-proizvodni-prostor-murska-sobota-2.jpg\" alt=\"Pomurje Technology Park - production space\" title=\"\"><br \/>\nProduction space P4<\/p>\n<h6>OCCUPIED<\/h6>\n<p><img decoding=\"async\" src=\"https:\/\/www.p-tech.si\/wp-content\/uploads\/pomurski-tehnoloski-park-proizvodni-prostor-murska-sobota-2.jpg\" alt=\"Pomurje Technology Park - production space\" title=\"\"><br \/>\nProduction space P5<\/p>\n<h6>OCCUPIED<\/h6>\n<p><img decoding=\"async\" src=\"https:\/\/www.p-tech.si\/wp-content\/uploads\/pomurski-tehnoloski-park-proizvodni-prostor-murska-sobota-2.jpg\" alt=\"Pomurje Technology Park - production space\" title=\"\"><br \/>\nProduction space P6<\/p>\n<h6>OCCUPIED<\/h6>\n<p><img decoding=\"async\" src=\"https:\/\/www.p-tech.si\/wp-content\/uploads\/pomurski-tehnoloski-park-proizvodni-prostor-murska-sobota-2.jpg\" alt=\"Pomurje Technology Park - production space\" title=\"\"><br \/>\nProduction space P7<\/p>\n<h6>OCCUPIED<\/h6>\n<p><img decoding=\"async\" src=\"https:\/\/www.p-tech.si\/wp-content\/uploads\/pomurski-tehnoloski-park-proizvodni-prostor-murska-sobota-2.jpg\" alt=\"Pomurje Technology Park - production space\" title=\"\"><br \/>\nProduction space P8<\/p>\n<h6>OCCUPIED<\/h6>\n<p><img decoding=\"async\" src=\"https:\/\/www.p-tech.si\/wp-content\/uploads\/pomurski-tehnoloski-park-proizvodni-prostor-murska-sobota-2.jpg\" alt=\"Pomurje Technology Park - production space\" title=\"\"><br \/>\nProduction space P9<\/p>\n<h6>OCCUPIED<\/h6>\n<p><a href=\"#book-meeting-room\" title=\"Rezervacija sejne sobe\"><\/a><img decoding=\"async\" src=\"https:\/\/www.p-tech.si\/wp-content\/uploads\/pomurski-tehnoloski-park-proizvodni-sejna-soba-murska-sobota.jpg\" alt=\"Pomurje Technology Park - Meeting room\" title=\"\"><br \/>\nMeeting room<\/p>\n<h6>CHECK AVAILABILITY<\/h6>\n<p><img decoding=\"async\" src=\"https:\/\/www.p-tech.si\/wp-content\/uploads\/pomurski-tehnoloski-park-pisarna-murska-sobota-2.jpg\" alt=\"Pomurje Technology Park - office\" title=\"\"><br \/>\nOffice 9<\/p>\n<h6>OCCUPIED<\/h6>\n<p><img decoding=\"async\" src=\"https:\/\/www.p-tech.si\/wp-content\/uploads\/pomurski-tehnoloski-park-pisarna-murska-sobota-2.jpg\" alt=\"Pomurje Technology Park - office\" title=\"\"><br \/>\nOffice 8<\/p>\n<h6>OCCUPIED<\/h6>\n<p><img decoding=\"async\" src=\"https:\/\/www.p-tech.si\/wp-content\/uploads\/pomurski-tehnoloski-park-pisarna-murska-sobota-2.jpg\" alt=\"Pomurje Technology Park - office\" title=\"\"><br \/>\nOffice 7<\/p>\n<h6>OCCUPIED<\/h6>\n<p><img decoding=\"async\" src=\"https:\/\/www.p-tech.si\/wp-content\/uploads\/pomurski-tehnoloski-park-pisarna-murska-sobota-2.jpg\" alt=\"Pomurje Technology Park - office\" title=\"\"><br \/>\nOffice 6<\/p>\n<h6>OCCUPIED<\/h6>\n<p><img decoding=\"async\" src=\"https:\/\/www.p-tech.si\/wp-content\/uploads\/pomurski-tehnoloski-park-pisarna-murska-sobota-2.jpg\" alt=\"Pomurje Technology Park - office\" title=\"\"><br \/>\nOffice 5<\/p>\n<h6>OCCUPIED<\/h6>\n<p><img decoding=\"async\" src=\"https:\/\/www.p-tech.si\/wp-content\/uploads\/pomurski-tehnoloski-park-pisarna-murska-sobota-2.jpg\" alt=\"Pomurje Technology Park - office\" title=\"\"><br \/>\nOffice 4<\/p>\n<h6>OCCUPIED<\/h6>\n<p><img decoding=\"async\" src=\"https:\/\/www.p-tech.si\/wp-content\/uploads\/pomurski-tehnoloski-park-pisarna-murska-sobota-2.jpg\" alt=\"Pomurje Technology Park - office\" title=\"\"><br \/>\nOffice 3<\/p>\n<h6>OCCUPIED<\/h6>\n<p><img decoding=\"async\" src=\"https:\/\/www.p-tech.si\/wp-content\/uploads\/pomurski-tehnoloski-park-pisarna-murska-sobota-2.jpg\" alt=\"Pomurje Technology Park - office\" title=\"\"><br \/>\nOffice 2<\/p>\n<h6>OCCUPIED<\/h6>\n<p><img decoding=\"async\" src=\"https:\/\/www.p-tech.si\/wp-content\/uploads\/pomurski-tehnoloski-park-pisarna-murska-sobota-2.jpg\" alt=\"Pomurje Technology Park - office\" title=\"\"><br \/>\nOffice 1<\/p>\n<h6>OCCUPIED<\/h6>\n<p><img decoding=\"async\" src=\"https:\/\/www.p-tech.si\/wp-content\/uploads\/pomurski-tehnoloski-park-pisarna-murska-sobota-2.jpg\" alt=\"Pomurje Technology Park - office\" title=\"\"><br \/>\nOffice 10<\/p>\n<h6>OCCUPIED<\/h6>\n<p><img decoding=\"async\" src=\"https:\/\/www.p-tech.si\/wp-content\/uploads\/pomurski-tehnoloski-park-pisarna-murska-sobota-2.jpg\" alt=\"Pomurje Technology Park - office\" title=\"\"><br \/>\nOffice 11<\/p>\n<h6>OCCUPIED<\/h6>\n<h5>How to reach us in Ljutomer?<\/h5>\n<p><a href=\"https:\/\/maps.app.goo.gl\/VYzGNsY5ANdCjXFr7\" target=\"_blank\" title=\"How to reach us? By clicking on the map, a Google Maps view will open\" rel=\"noopener\"><img decoding=\"async\" src=\"https:\/\/www.p-tech.si\/wp-content\/uploads\/pomurski-tehnoloski-park-kje-smo-zgradba-ljutomer.jpg\" alt=\"Location of the building in Ljutomer on Google Maps\" title=\"\"><\/a><a href=\"https:\/\/maps.app.goo.gl\/VYzGNsY5ANdCjXFr7\" target=\"_blank\" title=\"How to reach us? By clicking on the map, a Google Maps view will open\" rel=\"noopener\">.path{fill:none;stroke:#333;stroke-miterlimit:10;stroke-width:1.5px;}<\/a>By clicking on the map, a Google Maps view will open<\/p>\n","protected":false},"excerpt":{"rendered":"<p>An inspiring working environment. Business premises for Llease in a building in Murska Sobota and Ljutomer (offices, production premises).<\/p>\n","protected":false},"author":3,"featured_media":227,"parent":0,"menu_order":0,"comment_status":"closed","ping_status":"closed","template":"","meta":{"footnotes":""},"class_list":["post-1541","page","type-page","status-publish","has-post-thumbnail","hentry"],"_links":{"self":[{"href":"https:\/\/www.p-tech.si\/en\/wp-json\/wp\/v2\/pages\/1541","targetHints":{"allow":["GET"]}}],"collection":[{"href":"https:\/\/www.p-tech.si\/en\/wp-json\/wp\/v2\/pages"}],"about":[{"href":"https:\/\/www.p-tech.si\/en\/wp-json\/wp\/v2\/types\/page"}],"author":[{"embeddable":true,"href":"https:\/\/www.p-tech.si\/en\/wp-json\/wp\/v2\/users\/3"}],"replies":[{"embeddable":true,"href":"https:\/\/www.p-tech.si\/en\/wp-json\/wp\/v2\/comments?post=1541"}],"version-history":[{"count":5,"href":"https:\/\/www.p-tech.si\/en\/wp-json\/wp\/v2\/pages\/1541\/revisions"}],"predecessor-version":[{"id":1687,"href":"https:\/\/www.p-tech.si\/en\/wp-json\/wp\/v2\/pages\/1541\/revisions\/1687"}],"wp:featuredmedia":[{"embeddable":true,"href":"https:\/\/www.p-tech.si\/en\/wp-json\/wp\/v2\/media\/227"}],"wp:attachment":[{"href":"https:\/\/www.p-tech.si\/en\/wp-json\/wp\/v2\/media?parent=1541"}],"curies":[{"name":"wp","href":"https:\/\/api.w.org\/{rel}","templated":true}]}}